{"id":92,"date":"2023-08-15T09:33:00","date_gmt":"2023-08-15T07:33:00","guid":{"rendered":"http:\/\/80.78.24.83\/?page_id=92"},"modified":"2025-11-07T14:30:26","modified_gmt":"2025-11-07T13:30:26","slug":"materialer","status":"publish","type":"page","link":"https:\/\/abc-kbh.dk\/index.php\/materialer\/","title":{"rendered":"MATERIALER"},"content":{"rendered":"\n<h6 class=\"wp-block-heading\"><br>HENT VORES MATERIALER<\/h6>\n\n\n\n<h6 class=\"wp-block-heading\"><a href=\"\/wp-content\/uploads\/2023\/08\/de1daa_4e6c5f07fa8b4b54a787b65fdae86abf.pdf\" target=\"_blank\" rel=\"noreferrer noopener\">Afsoning i \u00e5bent f\u00e6ngsel<\/a><\/h6>\n\n\n\n<p>Guide til at sidde i \u00e5bent f\u00e6ngsel.<\/p>\n\n\n\n<p>\u200b<\/p>\n\n\n\n<h6 class=\"wp-block-heading\"><a href=\"\/wp-content\/uploads\/2023\/08\/a97dcc_2f1a78d706a547ec98c30f80d894ca1c.pdf\" target=\"_blank\" rel=\"noreferrer noopener\">Knaldh\u00e6ftet<\/a><\/h6>\n\n\n\n<p>Dine juridiske rettigheder i Danmark.<\/p>\n\n\n\n<p>\u200b<\/p>\n\n\n\n<h6 class=\"wp-block-heading\"><a href=\"\/wp-content\/uploads\/2023\/08\/de1daa_92437649c50148169b5bf030787665ef.pdf\" target=\"_blank\" rel=\"noreferrer noopener\">P\u00e5r\u00f8rende<\/a><\/h6>\n\n\n\n<p>Guide til venner og familie til varet\u00e6gtsf\u00e6ngslede.<\/p>\n\n\n\n<p>\u200b<\/p>\n\n\n\n<h6 class=\"wp-block-heading\"><a href=\"\/wp-content\/uploads\/2023\/08\/de1daa_53f1e8f7672f4ee9a5ef7d7d09741434.pdf\" target=\"_blank\" rel=\"noreferrer noopener\">Varet\u00e6gtsf\u00e6ngsling<\/a><\/h6>\n\n\n\n<p>Guide til at sidde varet\u00e6gtsf\u00e6ngslet i K\u00f8benhavn.<\/p>\n\n\n\n<p>\u200b<\/p>\n\n\n\n<h6 class=\"wp-block-heading\"><a href=\"\/wp-content\/uploads\/2023\/08\/a97dcc_5dadbe0b77aa41e1bbfb7c0cfc433a3e.pdf\" target=\"_blank\" rel=\"noreferrer noopener\">Omsorgsh\u00e6ftet<\/a><\/h6>\n\n\n\n<p>Guide til passe p\u00e5 dig selv og dine kammerater efter voldsomme oplevelser.<\/p>\n\n\n\n<p>\u200b<\/p>\n\n\n\n<h6 class=\"wp-block-heading\"><a href=\"http:\/\/abc-kbh.dk\/wp-content\/uploads\/2025\/11\/testamente.pdf\" target=\"_blank\" rel=\"noreferrer noopener\">F\u00e6ngslingstestamente<\/a><\/h6>\n\n\n\n<p>Plan&nbsp;i tilf\u00e6lde af, at du bliver f\u00e6ngslet. Vi opfordrer til at downloade, printe og udfylde denne PDF.<\/p>\n\n\n\n<p>\u200b<\/p>\n\n\n\n<h6 class=\"wp-block-heading\"><a href=\"http:\/\/abc-kbh.dk\/wp-content\/uploads\/2025\/11\/politi.pdf\" target=\"_blank\" rel=\"noreferrer noopener\">Politiets k\u00f8ret\u00f8jer<\/a><\/h6>\n\n\n\n<p>En oversigt over hvilke k\u00f8ret\u00f8jer politiet benytter og de korrekte termer for dem.<\/p>\n\n\n\n<p><\/p>\n\n\n\n<h6 class=\"wp-block-heading\">Get our publications<\/h6>\n\n\n\n<h6 class=\"wp-block-heading\"><a href=\"\/wp-content\/uploads\/2023\/08\/de1daa_bd154e329aa04314a60aea79565c93ec.pdf\" target=\"_blank\" rel=\"noreferrer noopener\">Doing time in open prison<\/a><\/h6>\n\n\n\n<p>Guide to doing time in an open prison.<\/p>\n\n\n\n<h6 class=\"wp-block-heading\"><a href=\"\/wp-content\/uploads\/2023\/08\/a97dcc_788cbda27a754de1a530e00ca21e231a.pdf\" target=\"_blank\" rel=\"noreferrer noopener\">Bust Card<\/a><\/h6>\n\n\n\n<p>Your legal rights in Denmark.<\/p>\n\n\n\n<div class=\"wp-block-buttons is-layout-flex wp-block-buttons-is-layout-flex\">\n<div class=\"wp-block-button\"><a class=\"wp-block-button__link wp-element-button\" href=\"javascript:history.back()\">Tilbage<\/a><\/div>\n<\/div>\n","protected":false},"excerpt":{"rendered":"<p>HENT VORES MATERIALER Afsoning i \u00e5bent f\u00e6ngsel Guide til at sidde i \u00e5bent f\u00e6ngsel. \u200b Knaldh\u00e6ftet Dine juridiske rettigheder i Danmark. \u200b P\u00e5r\u00f8rende Guide til venner og familie til varet\u00e6gtsf\u00e6ngslede. \u200b Varet\u00e6gtsf\u00e6ngsling Guide til at sidde varet\u00e6gtsf\u00e6ngslet i K\u00f8benhavn. \u200b Omsorgsh\u00e6ftet Guide til passe p\u00e5 dig selv og dine kammerater efter voldsomme oplevelser. \u200b F\u00e6ngslingstestamente [&hellip;]<\/p>\n","protected":false},"author":1,"featured_media":0,"parent":0,"menu_order":0,"comment_status":"closed","ping_status":"closed","template":"","meta":{"footnotes":""},"_links":{"self":[{"href":"https:\/\/abc-kbh.dk\/index.php\/wp-json\/wp\/v2\/pages\/92"}],"collection":[{"href":"https:\/\/abc-kbh.dk\/index.php\/wp-json\/wp\/v2\/pages"}],"about":[{"href":"https:\/\/abc-kbh.dk\/index.php\/wp-json\/wp\/v2\/types\/page"}],"author":[{"embeddable":true,"href":"https:\/\/abc-kbh.dk\/index.php\/wp-json\/wp\/v2\/users\/1"}],"replies":[{"embeddable":true,"href":"https:\/\/abc-kbh.dk\/index.php\/wp-json\/wp\/v2\/comments?post=92"}],"version-history":[{"count":11,"href":"https:\/\/abc-kbh.dk\/index.php\/wp-json\/wp\/v2\/pages\/92\/revisions"}],"predecessor-version":[{"id":173,"href":"https:\/\/abc-kbh.dk\/index.php\/wp-json\/wp\/v2\/pages\/92\/revisions\/173"}],"wp:attachment":[{"href":"https:\/\/abc-kbh.dk\/index.php\/wp-json\/wp\/v2\/media?parent=92"}],"curies":[{"name":"wp","href":"https:\/\/api.w.org\/{rel}","templated":true}]}}