{"id":89,"date":"2023-08-15T09:32:59","date_gmt":"2023-08-15T07:32:59","guid":{"rendered":"http:\/\/80.78.24.83\/?page_id=89"},"modified":"2023-08-15T09:47:44","modified_gmt":"2023-08-15T07:47:44","slug":"guides","status":"publish","type":"page","link":"https:\/\/abc-kbh.dk\/index.php\/guides\/","title":{"rendered":"GUIDES"},"content":{"rendered":"\n<p><strong><br>OBS: ABC K\u00f8benhavn lukkede i juni 2023. Materialerne er dog stadig frit tilg\u00e6ngelige, men kan dog v\u00e6re for\u00e6ldet.<\/strong><\/p>\n\n\n\n<p><strong>\u200b<\/strong><\/p>\n\n\n\n<p>Har du brug for at vide mere om at afsone eller sidde varet\u00e6gtsf\u00e6ngslet, har vi lavet nogle guides med information og gode r\u00e5d &#8211; b\u00e5de til f\u00e6ngslede og deres venner.&nbsp;<\/p>\n\n\n\n<p>Vi har selv erfaring med det hele, og vi er aldrig p\u00e5 systemets side.<\/p>\n\n\n<div class=\"wp-classic-menu-block \"><ul id=\"menu-guides\" class=\"menu\"><li id=\"menu-item-106\" class=\"menu-item menu-item-type-post_type menu-item-object-page menu-item-106\"><a href=\"https:\/\/abc-kbh.dk\/index.php\/afsoning-i-aabent-faengsel\/\">Afsoning i \u00e5bent f\u00e6ngsel<\/a><\/li>\n<li id=\"menu-item-113\" class=\"menu-item menu-item-type-post_type menu-item-object-page menu-item-113\"><a href=\"https:\/\/abc-kbh.dk\/index.php\/doing-time-in-open-prisons\/\">Doing time in open prisons<\/a><\/li>\n<li id=\"menu-item-112\" class=\"menu-item menu-item-type-post_type menu-item-object-page menu-item-112\"><a href=\"https:\/\/abc-kbh.dk\/index.php\/varetaegtsfaengsling-guide-til-paaroerende\/\">Varet\u00e6gtsf\u00e6ngsling: Guide til p\u00e5r\u00f8rende<\/a><\/li>\n<li id=\"menu-item-120\" class=\"menu-item menu-item-type-post_type menu-item-object-page menu-item-120\"><a href=\"https:\/\/abc-kbh.dk\/index.php\/guide-til-varetaegtsfaengsling\/\">Guide til varet\u00e6gtsf\u00e6ngsling<\/a><\/li>\n<li id=\"menu-item-119\" class=\"menu-item menu-item-type-post_type menu-item-object-page menu-item-119\"><a href=\"https:\/\/abc-kbh.dk\/index.php\/guides-fra-projekt-antifa\/\">Guides fra Projekt Antifa<\/a><\/li>\n<\/ul><\/div>","protected":false},"excerpt":{"rendered":"<p>OBS: ABC K\u00f8benhavn lukkede i juni 2023. Materialerne er dog stadig frit tilg\u00e6ngelige, men kan dog v\u00e6re for\u00e6ldet. \u200b Har du brug for at vide mere om at afsone eller sidde varet\u00e6gtsf\u00e6ngslet, har vi lavet nogle guides med information og gode r\u00e5d &#8211; b\u00e5de til f\u00e6ngslede og deres venner.&nbsp; Vi har selv erfaring med det [&hellip;]<\/p>\n","protected":false},"author":1,"featured_media":0,"parent":0,"menu_order":0,"comment_status":"closed","ping_status":"closed","template":"","meta":{"footnotes":""},"_links":{"self":[{"href":"https:\/\/abc-kbh.dk\/index.php\/wp-json\/wp\/v2\/pages\/89"}],"collection":[{"href":"https:\/\/abc-kbh.dk\/index.php\/wp-json\/wp\/v2\/pages"}],"about":[{"href":"https:\/\/abc-kbh.dk\/index.php\/wp-json\/wp\/v2\/types\/page"}],"author":[{"embeddable":true,"href":"https:\/\/abc-kbh.dk\/index.php\/wp-json\/wp\/v2\/users\/1"}],"replies":[{"embeddable":true,"href":"https:\/\/abc-kbh.dk\/index.php\/wp-json\/wp\/v2\/comments?post=89"}],"version-history":[{"count":3,"href":"https:\/\/abc-kbh.dk\/index.php\/wp-json\/wp\/v2\/pages\/89\/revisions"}],"predecessor-version":[{"id":107,"href":"https:\/\/abc-kbh.dk\/index.php\/wp-json\/wp\/v2\/pages\/89\/revisions\/107"}],"wp:attachment":[{"href":"https:\/\/abc-kbh.dk\/index.php\/wp-json\/wp\/v2\/media?parent=89"}],"curies":[{"name":"wp","href":"https:\/\/api.w.org\/{rel}","templated":true}]}}