{"id":51,"date":"2023-08-15T08:47:19","date_gmt":"2023-08-15T06:47:19","guid":{"rendered":"http:\/\/80.78.24.83\/?page_id=51"},"modified":"2023-08-15T09:35:10","modified_gmt":"2023-08-15T07:35:10","slug":"abc-kbh","status":"publish","type":"page","link":"https:\/\/abc-kbh.dk\/","title":{"rendered":"ABC-KBH"},"content":{"rendered":"\n<h2 class=\"wp-block-heading\">INGEN ER FRIE<br>F\u00d8R ALLE ER FRIE<\/h2>\n\n\n\n<p class=\"has-primary-color has-text-color\"><strong>OBS: ABC K\u00f8benhavn lukkede i juni 2023. Materialerne er dog stadig frit tilg\u00e6ngelige, men kan dog v\u00e6re for\u00e6ldet.<\/strong><\/p>\n\n\n\n<p>\u200b<\/p>\n\n\n\n<p>ABC K\u00f8benhavn er en rettighedsgruppe for folk, der oplever problemer med politi og f\u00e6ngsel i forbindelse med politisk arbejde. Gruppen er en del af det internationale netv\u00e6rk Anarchist Black Cross, som har eksisteret i mere end 100 \u00e5r. Vi ser f\u00e6ngslet som et repressionsmiddel for den herskende klasse. Vi k\u00e6mper for l\u00f8sladelse af politiske fanger og vi forholder os kritisk til f\u00e6ngselssystemet.<\/p>\n\n\n<div class=\"wp-block-image\">\n<figure class=\"aligncenter size-full\"><img decoding=\"async\" loading=\"lazy\" width=\"330\" height=\"435\" src=\"http:\/\/80.78.24.83\/wp-content\/uploads\/2023\/08\/logo.png\" alt=\"\" class=\"wp-image-17\"\/><\/figure><\/div>","protected":false},"excerpt":{"rendered":"<p>INGEN ER FRIEF\u00d8R ALLE ER FRIE OBS: ABC K\u00f8benhavn lukkede i juni 2023. Materialerne er dog stadig frit tilg\u00e6ngelige, men kan dog v\u00e6re for\u00e6ldet. \u200b ABC K\u00f8benhavn er en rettighedsgruppe for folk, der oplever problemer med politi og f\u00e6ngsel i forbindelse med politisk arbejde. Gruppen er en del af det internationale netv\u00e6rk Anarchist Black Cross, [&hellip;]<\/p>\n","protected":false},"author":1,"featured_media":0,"parent":0,"menu_order":0,"comment_status":"closed","ping_status":"closed","template":"","meta":{"footnotes":""},"_links":{"self":[{"href":"https:\/\/abc-kbh.dk\/index.php\/wp-json\/wp\/v2\/pages\/51"}],"collection":[{"href":"https:\/\/abc-kbh.dk\/index.php\/wp-json\/wp\/v2\/pages"}],"about":[{"href":"https:\/\/abc-kbh.dk\/index.php\/wp-json\/wp\/v2\/types\/page"}],"author":[{"embeddable":true,"href":"https:\/\/abc-kbh.dk\/index.php\/wp-json\/wp\/v2\/users\/1"}],"replies":[{"embeddable":true,"href":"https:\/\/abc-kbh.dk\/index.php\/wp-json\/wp\/v2\/comments?post=51"}],"version-history":[{"count":4,"href":"https:\/\/abc-kbh.dk\/index.php\/wp-json\/wp\/v2\/pages\/51\/revisions"}],"predecessor-version":[{"id":100,"href":"https:\/\/abc-kbh.dk\/index.php\/wp-json\/wp\/v2\/pages\/51\/revisions\/100"}],"wp:attachment":[{"href":"https:\/\/abc-kbh.dk\/index.php\/wp-json\/wp\/v2\/media?parent=51"}],"curies":[{"name":"wp","href":"https:\/\/api.w.org\/{rel}","templated":true}]}}