{"id":125,"date":"2023-08-15T10:06:05","date_gmt":"2023-08-15T08:06:05","guid":{"rendered":"http:\/\/80.78.24.83\/?page_id=125"},"modified":"2023-08-15T10:06:05","modified_gmt":"2023-08-15T08:06:05","slug":"skriv-for-satan","status":"publish","type":"page","link":"https:\/\/abc-kbh.dk\/index.php\/skriv-for-satan\/","title":{"rendered":"Skriv for satan!"},"content":{"rendered":"\n<p><strong>N\u00e5r man sidder varet\u00e6gtsf\u00e6ngslet er ens kontakt med omverdenen, udover en times ugentligt bes\u00f8g, begr\u00e6nset til breve. Derfor er det vigtigere end de fleste forestiller sig at man skriver til folk der sidder f\u00e6ngslede. Det for s\u00e5 vidt uanset om de er varet\u00e6gtsf\u00e6ngslede eller afsoner.<\/strong><\/p>\n\n\n\n<p><strong>\u200b<\/strong><\/p>\n\n\n\n<p>Mange synes at det er rigtigt sv\u00e6rt at skrive til indsatte og f\u00e6ngslede kammerater. Hvad kan man skrive, hvem l\u00e6ser med, er det jeg har at fort\u00e6lle overhovedet interessant? Sp\u00f8rgsm\u00e5lene og tvivlen kan hobe sig op, og fungere som en mental stopklods der forhindrer aktivister p\u00e5 fri fod i at skrive til f\u00e6ngslede kammerater.<\/p>\n\n\n\n<p><strong>\u200b<\/strong><\/p>\n\n\n\n<p><strong>Jeg har ikke lyst til at komme i politiets s\u00f8gelys&#8230;<\/strong><\/p>\n\n\n\n<p>Nogen begrunder manglende breve til indsatte kammerater med, at de ikke har lyst til at politiet kan k\u00e6de dem sammen med de indsatte. Dette er en panikreaktion, der rammer folk, og som er meget naturlig. Man bliver her n\u00f8dt til at huske p\u00e5, at politiet og (is\u00e6r) PET har s\u00e5 godt styr p\u00e5 hvem man til dagligt har telefonisk eller digital kontakt med, at det, at undlade at skrive breve, ikke \u00e6ndrer ved noget. Man kan ikke gemme sig fra politiets s\u00f8gelys, blot ved at lade v\u00e6re med at skrive til en f\u00e6ngslet.<\/p>\n\n\n\n<p>\u200b<\/p>\n\n\n\n<p>Hvis man er n\u00e6rt relateret til en f\u00e6ngslet risikerer man derimod at v\u00e6kke opm\u00e6rksomhed ved ikke at skrive. Hvis man f.eks. ved at man selv er i s\u00f8gelyset i en sag hvor ens kammerat sidder f\u00e6ngslet, og politiet har overv\u00e5get ens vennekreds, risikerer man at g\u00f8re sig selv mere interessant i politiets optik ved at v\u00e6re en af de eneste der ikke skriver. S\u00e5ledes er det juridiske argument ikke at skrive til en f\u00e6ngslet kammerat ikke validt, og b\u00f8r afskrives som almen (og ganske normal) paranoia.<\/p>\n\n\n\n<p>\u200b<\/p>\n\n\n\n<p><strong>Jeg ved ikke hvad jeg skal skrive&#8230;<\/strong><\/p>\n\n\n\n<p>Det er (n\u00e6sten) lige meget hvad du skriver. Fort\u00e6l om din nyf\u00f8dte baby, om dit job eller uddannelse, om dine k\u00e6rlighedskvaler, om politiske projekter, madopskrifter, den seneste film du har set i biograffen, Lady Gagas nyeste musikvideo \u2013 hvad som helst. Man skal naturligvis huske, at politiet l\u00e6ser med, s\u00e5 alt hvad der direkte eller indirekte kan forekomme juridisk inkriminerende b\u00f8r man holde sig fra.<\/p>\n\n\n\n<p>\u200b<\/p>\n\n\n\n<p><strong>Men jeg vil ikke fort\u00e6lle om mit privatliv n\u00e5r panserne l\u00e6ser med&#8230;<\/strong><\/p>\n\n\n\n<p>Naturligvis ikke. Der er ingen der har lyst til at citronhalvm\u00e5ne-banden f\u00e5r indblik i ens intimsf\u00e6re, uanset om det handler om k\u00e6rlighedsliv, \u00f8konomiske kvaler eller fremtidsdr\u00f8mme. Men t\u00e6nk p\u00e5, at mange af disse ting er nogen du alligevel plastrer din facebook-wall til med til dagligt, og sms\u2019er med dine venner om \u2013 s\u00e5ledes ved PET formentligt udm\u00e6rket hvad du g\u00e5r og t\u00e6nker p\u00e5 til hverdag. At det kan forekomme angstprovokerende at skrive den slags i breve som man med sikkerhed ved bliver l\u00e6st igennem er ganske naturligt, men pr\u00f8v at s\u00e6tte dig udover det alligevel.<\/p>\n\n\n\n<p>\u200b<\/p>\n\n\n\n<p>Hvis ikke du kan det, s\u00e5 fort\u00e6l om ting der vitterligt er upersonlige; print fem sjove opslag fra Wikipedia, lav en tegning, find nogle sjove jokes p\u00e5 nettet eller afskriv sladder fra Se og H\u00f8r. Det er ikke lige s\u00e5 fedt at modtage som indsat, men meget meget bedre end ingenting!<\/p>\n\n\n\n<p>\u200b<\/p>\n\n\n\n<p>En anden mulighed er, at sende anonyme postkort, der oftest g\u00e5r igennem brevkontrollen selvom der ikke er afsendernavn og -adresse p\u00e5.<\/p>\n\n\n\n<p>\u200b<\/p>\n\n\n\n<p><strong>Men jeg kender ikke hende der sidder f\u00e6ngslet s\u00e6rlig godt&#8230;<\/strong><\/p>\n\n\n\n<p>So what? Det kan godt v\u00e6re du ikke skal fort\u00e6lle de mest slibrige detaljer om dit privatliv, men introducer i stedet dig selv, og fort\u00e6l lidt om hvad du g\u00e5r og laver. Som indsat er det altid rart at f\u00e5 nye pennevenner! Husk at s\u00e6tte navn og afsenderadresse p\u00e5 brevet, og vedl\u00e6g evt. frim\u00e6rker.<\/p>\n\n\n\n<p>\u200b<\/p>\n\n\n\n<p>Generelt, s\u00e5 t\u00e6nk p\u00e5 (hver eneste gang du er i tvivl om skal skrive eller ej), at det kunne v\u00e6re dig selv der sad varet\u00e6gtsf\u00e6ngslet. I den situation ville du \u00f8nske at dine kammerater ikke lod sig skr\u00e6mme af, at politiet l\u00e6ser med, eller af, at de ikke kender dig s\u00e6rlig godt. Husk p\u00e5 det, n\u00e5r du selv bliver usikker.<\/p>\n\n\n\n<p>\u200b<\/p>\n\n\n\n<p><strong>Repression er deres v\u00e5ben \u2013 solidaritet er vores styrke!<\/strong><\/p>\n\n\n\n<div class=\"wp-block-buttons is-layout-flex wp-block-buttons-is-layout-flex\">\n<div class=\"wp-block-button\"><a class=\"wp-block-button__link wp-element-button\" href=\"javascript:history.back()\">Tilbage<\/a><\/div>\n<\/div>\n","protected":false},"excerpt":{"rendered":"<p>N\u00e5r man sidder varet\u00e6gtsf\u00e6ngslet er ens kontakt med omverdenen, udover en times ugentligt bes\u00f8g, begr\u00e6nset til breve. Derfor er det vigtigere end de fleste forestiller sig at man skriver til folk der sidder f\u00e6ngslede. Det for s\u00e5 vidt uanset om de er varet\u00e6gtsf\u00e6ngslede eller afsoner. \u200b Mange synes at det er rigtigt sv\u00e6rt at skrive [&hellip;]<\/p>\n","protected":false},"author":1,"featured_media":0,"parent":0,"menu_order":0,"comment_status":"closed","ping_status":"closed","template":"","meta":{"footnotes":""},"_links":{"self":[{"href":"https:\/\/abc-kbh.dk\/index.php\/wp-json\/wp\/v2\/pages\/125"}],"collection":[{"href":"https:\/\/abc-kbh.dk\/index.php\/wp-json\/wp\/v2\/pages"}],"about":[{"href":"https:\/\/abc-kbh.dk\/index.php\/wp-json\/wp\/v2\/types\/page"}],"author":[{"embeddable":true,"href":"https:\/\/abc-kbh.dk\/index.php\/wp-json\/wp\/v2\/users\/1"}],"replies":[{"embeddable":true,"href":"https:\/\/abc-kbh.dk\/index.php\/wp-json\/wp\/v2\/comments?post=125"}],"version-history":[{"count":1,"href":"https:\/\/abc-kbh.dk\/index.php\/wp-json\/wp\/v2\/pages\/125\/revisions"}],"predecessor-version":[{"id":126,"href":"https:\/\/abc-kbh.dk\/index.php\/wp-json\/wp\/v2\/pages\/125\/revisions\/126"}],"wp:attachment":[{"href":"https:\/\/abc-kbh.dk\/index.php\/wp-json\/wp\/v2\/media?parent=125"}],"curies":[{"name":"wp","href":"https:\/\/api.w.org\/{rel}","templated":true}]}}