{"id":121,"date":"2023-08-15T10:03:10","date_gmt":"2023-08-15T08:03:10","guid":{"rendered":"http:\/\/80.78.24.83\/?page_id=121"},"modified":"2023-08-15T10:03:10","modified_gmt":"2023-08-15T08:03:10","slug":"hold-kaeft-hold-ud-kom-ud","status":"publish","type":"page","link":"https:\/\/abc-kbh.dk\/index.php\/hold-kaeft-hold-ud-kom-ud\/","title":{"rendered":"Hold k\u00e6ft &#8211; hold ud &#8211; kom ud!"},"content":{"rendered":"\n<p><strong>Tit og ofte fors\u00f8ger politiets efterforskere at presse eller true aktivister til at udtale sig i forh\u00f8r. Det er bare ikke i din interesse &#8211; men absolut i deres.<\/strong><\/p>\n\n\n\n<p>\u200b<\/p>\n\n\n\n<p>Gennem \u00e5rets [2010] f\u00f8rste m\u00e5neder har politiet i f\u00e6llesskab med PET f\u00f8rt en mere offensiv linie mod den antifascistiske bev\u00e6gelse end normalt. Adskillige har v\u00e6re varet\u00e6gtsf\u00e6ngslet, mange har haft ransagninger eller v\u00e6ret anholdt og alvorlige sigtelser er gavmildt blevet str\u00f8et ud over den antifascistiske bev\u00e6gelse. Dette er et fors\u00f8g p\u00e5 at kortl\u00e6gge, intimidere og sv\u00e6kke det antifascistiske arbejde i hele landet.<\/p>\n\n\n\n<p>\u200b<\/p>\n\n\n\n<p>At politiet ikke er vores venner, er ingen af Projekt Antifas l\u00e6sere n\u00e6ppe i tvivl om. Alligevel s\u00e5 fors\u00f8ger politiet, i deres arbejde med at standse den antifascistiske bev\u00e6gelse i hele landet, at optr\u00e6de som \u2019bekymrede politifolk\u2019 der blot vil \u2019s\u00f8rge for at man ikke kommer i problemer\u2019 og at \u2019man jo skal t\u00e6nke p\u00e5 sin fremtid\u2019, ligesom de gerne vil \u201ds\u00f8rge for at de farlige nazister kommer i f\u00e6ngsel\u201d \u2013 I kan formentligt selv fylde mange flere good-cop-bad-cop-klicheer p\u00e5.<\/p>\n\n\n\n<p>\u200b<\/p>\n\n\n\n<p>Disse klicheer kommer i spil, n\u00e5r politiet have folk til at snakke. Uanset om det sker i forbindelse med en almindelig anholdelse, en ransagning eller varet\u00e6gtsf\u00e6ngsling, s\u00e5 m\u00e5 man g\u00f8re sig en ting helt klart: Uanset hvad politiet siger, s\u00e5 er de der ikke for at hj\u00e6lpe!<\/p>\n\n\n\n<p>\u200b<\/p>\n\n\n\n<p>Uanset hvor venlig, sympatisk og anti-nazistisk en betjent fremst\u00e5r n\u00e5r han snakker med dig, s\u00e5 husk p\u00e5, at der er en \u00e5rsag til han er der. Politiet bruger ikke resourcer p\u00e5 at lege hyggeonkler eller beskytte venstrefl\u00f8jen mod fascistisk vold. Politiet bruger deres resourcer der hvor der er gevinst ved det. Der hvor de kan f\u00e5 et indblik i hvem der er hvem i den antifascistiske bev\u00e6gelse, der hvor de kan f\u00e5 en aktivist til at sige lidt for meget om sine kammerater, kort sagt; der hvor det i deres arbejde giver bedst mulige resultater for den mindst mulige indsats.<\/p>\n\n\n\n<p>\u200b<\/p>\n\n\n\n<p>En af de mest benyttede tricks politiet bruger er, at love folk at de kan blive hjulpet eller f\u00e5 en billigere straf, mod at angive deres kammerater. Ofte vil politiet formulere sig p\u00e5 en m\u00e5de, s\u00e5 du ikke f\u00f8ler at du stikker nogen, men blot bekr\u00e6fter ting som politiet allerede ved. Men uanset at politiet m\u00e5ske allerede ved noget \u2013 eller blot har en teori om hvordan tingene h\u00e6nger sammen \u2013 s\u00e5 er det guld v\u00e6rd for dem, og meget problematisk for dig og dine kammerater, at du udtaler dig, uanset at du blot bekr\u00e6fter nogle p\u00e5stande som de slynger ud.<\/p>\n\n\n\n<p>\u200b<\/p>\n\n\n\n<p>Desv\u00e6rre er politiet skidedygtige til deres arbejde, og de l\u00f8fter de giver kan v\u00e6re store. Det kan v\u00e6re l\u00f8fter om frafaldne sigtelser, om ikke at blive varet\u00e6gtsf\u00e6ngslet, om at udelade at chikanere en, men det kan ogs\u00e5 v\u00e6re det omvendte, nemlig direkte trusler: \u201dEnten snakker du nu, eller ogs\u00e5 tager vi hjem og ransager hos dine for\u00e6ldre, og det har du ikke lyst til, vel?\u201d, \u201dVi tager ud og henter dine venner nu, hvis ikke du snakker \u201d eller \u201dHvis ikke du snakker nu, s\u00e5 kommer dit navn frem, og det kan nemt blive farligt for dig p\u00e5 grund af nazisterne\u201d.<\/p>\n\n\n\n<p>\u200b<\/p>\n\n\n\n<p>Alt i alt s\u00e5 kan m\u00f8det med politiet nemt blive meget ubehageligt, og lede dig ind i et spind af forvirring, frygt og usikkerhed.<\/p>\n\n\n\n<p>\u200b<\/p>\n\n\n\n<p>Der findes dog en sikker l\u00f8sning. En eviggyldig medicin, der p\u00e5 lang sigt, i alle situationer, uden undtagelse overhovedet, er den bedste: Hold din k\u00e6ft.<\/p>\n\n\n\n<p>\u00bbEn sigtet har ret til at n\u00e6gte at udtale sig. Hvis den sigtede v\u00e6lger dette, kan det t\u00e6nkes, at mistanken vokser hos politiet. Imidlertid kan en mistanke vokse nok s\u00e5 meget, hvis der ikke kan skaffes beviser. Afh\u00f8ringer er den nemmeste og m\u00e5ske ofte den eneste vej til\u00a0beviser.\u00ab<br>&#8211;\u00a0<em>advokat Michael Bj\u00f8rn Hansen, tidligere universitetsunderviser i strafferet, i bogen \u2019Hvad m\u00e5 politiet?\u2019.<\/em><\/p>\n\n\n\n<p><br>Hvis man holder sin k\u00e6ft, s\u00e5 kommer man ikke til (hverken bevidst eller ubevidst) at bekr\u00e6fte politiets teorier. Man kommer ikke til at sv\u00e6kke sin egen sag og man risikerer ikke at medvirke til at ens venner ryger i spj\u00e6ldet.<\/p>\n\n\n\n<p>\u200b<\/p>\n\n\n\n<p>At der er sket et skred i politiets brug af varet\u00e6gtsf\u00e6ngslinger mod det venstreradikale milj\u00f8 b\u00f8r st\u00e5 klart for alle siden rydningen af Ungdomshuset. Hvor der f\u00f8r rydningen let gik b\u00e5de to og tre \u00e5r mellem hver gang folk fra det venstreradikale spektrum er blevet varet\u00e6gtsf\u00e6ngslet, er det i dag blevet kutyme, at folk kr\u00e6ves f\u00e6ngslet p\u00e5 sigtelser, der for fem \u00e5r siden blot ville udl\u00f8se b\u00f8de eller betingede domme.<\/p>\n\n\n\n<p>\u200b<\/p>\n\n\n\n<p>Varet\u00e6gtsf\u00e6ngsling er et af de voldsommeste overgreb man kan blive udsat for. Fra den ene dag til den anden bliver man frar\u00f8vet sin dagligdag, sin frihed, kontakten til de n\u00e6rmeste og muligheden for selv at v\u00e6lge hvad man vil lave. Ens skolegang eller arbejde er i farezonen, man bliver ramt p\u00e5 pengepungen, ens aftaler og planer m\u00e5 aflyses, og muligheden for at frit at snakke med dem man holder af forsvinder. Derfor er varet\u00e6gtsf\u00e6ngsling modbydeligt, b\u00e5de for f\u00f8rstegangs-f\u00e6ngslede og for dem der har v\u00e6ret m\u00f8llen igennem tidligere.<\/p>\n\n\n\n<p>\u200b<\/p>\n\n\n\n<p>Der hvor det for politiet er allerlettest at f\u00e5 folk til at snakke, er n\u00e5r folk er stillet overfor truslen om varet\u00e6gtsf\u00e6ngsling. Politiet vil sige, at man vil blive f\u00e6ngslet hvis ikke man snakker, og stillet overfor valget mellem f.eks. at fort\u00e6lle navne p\u00e5 de andre der deltog i en aktion og s\u00e5 komme hjem, eller holde sin k\u00e6ft og ryge fire uger i det lokale arresthus, v\u00e6lger nogen at snakke. At det sker er naturligt og menneskeligt, for selvf\u00f8lgelig bliver man bange og skr\u00e6mt n\u00e5r man bliver truet med varet\u00e6gtsf\u00e6ngsling, men det g\u00f8r det bare ikke til den optimale l\u00f8sning.<\/p>\n\n\n\n<p>\u200b<\/p>\n\n\n\n<p>Det vigtigste at huske i den situation, hvis man nogensinde skulle ende i den er: Politiets valg om, hvorvidt de vil kr\u00e6ve dig f\u00e6ngslet, er taget l\u00e6nge inden de g\u00e5r ind i afh\u00f8ringslokalet med dig. Det er sagens alvor og deres m\u00e6ngde af beviser der afg\u00f8r om du skal fremstilles i grundlovsforh\u00f8r \u2013 ikke om du snakker eller ej.<\/p>\n\n\n\n<p>\u200b<\/p>\n\n\n\n<p>Hvis politiet truer dig med f\u00e6ngsling s\u00e5 er det alts\u00e5 ren skr\u00e6mmetaktik. At du snakker \u00e6ndrer intet ved deres beslutning om hvorvidt de skal l\u00f8slade eller f\u00e6ngsle dig. Hvis du bider p\u00e5 maddingen har du f\u00f8rst for alvor skabt problemer for dig selv. Hvis du snakker og det ikke var politiets plan at f\u00e6ngsle dig risikerer du at have sagt en masse ting som inkriminerer dig selv, og i v\u00e6rste fald ogs\u00e5 andre, hvilket kan betyde at du bliver f\u00e6ngslet selvom de f\u00f8r afh\u00f8ringen ikke havde nok materiale i mod dig. Hvis du bliver f\u00e6ngslet \u2013 p\u00e5 trods af deres l\u00f8fter &#8211; har du stillet dig selv og din forsvarsadvokat i en v\u00e6sentligt d\u00e5rligere situation, hvor I nu skal man\u00f8vrere rundt p\u00e5 et meget lille juridisk spillerum fordi du har udtalt dig, og dermed har besv\u00e6rliggjort tingene markant for dig selv.<\/p>\n\n\n\n<p>\u200b<\/p>\n\n\n\n<p>En del vil i en situation, hvor politiet tilbyder dem valget mellem varet\u00e6gtsf\u00e6ngsling eller at snakke, v\u00e6lge at tage chancen, h\u00e5be p\u00e5 det bedste og fort\u00e6lle politiet det de vil h\u00f8re. For nogle vil det sikkert ogs\u00e5 lykkes at komme ud af en s\u00e5dan situation uden at have inkrimineret andre end sig selv \u2013 og det er naturligvis positivt i en vis forstand. Problemet er bare de resterende. Dem der ender med at tage deres kammerater med i faldet. Dem der, for at redde deres egen r\u00f8v, medvirker til at deres venner ryger ind. Det er dem, der p\u00e5 grund af politiets dygtige afh\u00f8ringsledere, f\u00e5r malet sig selv op i et hj\u00f8rne, og til sidst ikke kan komme ud af den uoverskuelige situation p\u00e5 andre m\u00e5der end at bralre ud med hvad de ved.<\/p>\n\n\n\n<p>\u200b<\/p>\n\n\n\n<p>Netop fordi politiet alts\u00e5 er uddannet i at foretage afh\u00f8ringer, s\u00e5 m\u00e5 man g\u00e5 ud fra at de er bedre rustet til at h\u00e5ndtere en s\u00e5dan situation end vi er som aktivister. Derfor m\u00e5 det p\u00e5 det kraftigste frar\u00e5des, at man giver sig ind i en kattens leg med musen (hvor du er mus!), og for eksempel fors\u00f8ger at snyde eller lyve overfor betjentene. Som sagt vil kun ganske f\u00e5 komme ud af det med skindet i behold, mens langt de fleste vil falde i med et brag, og dermed have bragt ulykke over sig selv og deres venner.<\/p>\n\n\n\n<p>\u200b<\/p>\n\n\n\n<p>For at opsummere, s\u00e5 er der alts\u00e5 kun en universall\u00f8sning n\u00e5r politiet truer med b\u00e5l og brand: Hold din k\u00e6ft. I mange f\u00e6ngselsceller i landets arresthuse st\u00e5r der skrevet med store bogstaver: \u201dHold k\u00e6ft \u2013 hold ud \u2013 kom ud!\u201d Pr\u00e6cis s\u00e5dan \u2013 og i den r\u00e6kkef\u00f8lge &#8211; b\u00f8r man forholde sig, hvis man bliver truet med varet\u00e6gtsf\u00e6ngsling eller lignende ubehageligheder.<\/p>\n\n\n\n<p>\u00bbDet er dyrest i starten, men billigst i l\u00e6ngden, hvis den sigtede n\u00e6gter at udtale sig til\u00a0politiet.\u00ab &#8211;\u00a0<em>Carl Madsen, legendarisk forsvarsadvokat.<\/em><\/p>\n\n\n\n<div class=\"wp-block-buttons is-layout-flex wp-block-buttons-is-layout-flex\">\n<div class=\"wp-block-button\"><a class=\"wp-block-button__link wp-element-button\" href=\"javascript:history.back()\">Tilbage<\/a><\/div>\n<\/div>\n","protected":false},"excerpt":{"rendered":"<p>Tit og ofte fors\u00f8ger politiets efterforskere at presse eller true aktivister til at udtale sig i forh\u00f8r. Det er bare ikke i din interesse &#8211; men absolut i deres. \u200b Gennem \u00e5rets [2010] f\u00f8rste m\u00e5neder har politiet i f\u00e6llesskab med PET f\u00f8rt en mere offensiv linie mod den antifascistiske bev\u00e6gelse end normalt. Adskillige har v\u00e6re [&hellip;]<\/p>\n","protected":false},"author":1,"featured_media":0,"parent":0,"menu_order":0,"comment_status":"closed","ping_status":"closed","template":"","meta":{"footnotes":""},"_links":{"self":[{"href":"https:\/\/abc-kbh.dk\/index.php\/wp-json\/wp\/v2\/pages\/121"}],"collection":[{"href":"https:\/\/abc-kbh.dk\/index.php\/wp-json\/wp\/v2\/pages"}],"about":[{"href":"https:\/\/abc-kbh.dk\/index.php\/wp-json\/wp\/v2\/types\/page"}],"author":[{"embeddable":true,"href":"https:\/\/abc-kbh.dk\/index.php\/wp-json\/wp\/v2\/users\/1"}],"replies":[{"embeddable":true,"href":"https:\/\/abc-kbh.dk\/index.php\/wp-json\/wp\/v2\/comments?post=121"}],"version-history":[{"count":1,"href":"https:\/\/abc-kbh.dk\/index.php\/wp-json\/wp\/v2\/pages\/121\/revisions"}],"predecessor-version":[{"id":122,"href":"https:\/\/abc-kbh.dk\/index.php\/wp-json\/wp\/v2\/pages\/121\/revisions\/122"}],"wp:attachment":[{"href":"https:\/\/abc-kbh.dk\/index.php\/wp-json\/wp\/v2\/media?parent=121"}],"curies":[{"name":"wp","href":"https:\/\/api.w.org\/{rel}","templated":true}]}}