{"id":117,"date":"2023-08-15T09:59:08","date_gmt":"2023-08-15T07:59:08","guid":{"rendered":"http:\/\/80.78.24.83\/?page_id=117"},"modified":"2023-08-15T10:07:29","modified_gmt":"2023-08-15T08:07:29","slug":"guides-fra-projekt-antifa","status":"publish","type":"page","link":"https:\/\/abc-kbh.dk\/index.php\/guides-fra-projekt-antifa\/","title":{"rendered":"Guides fra Projekt Antifa"},"content":{"rendered":"\n<p><strong>OBS: ABC K\u00f8benhavn lukkede i juni 2023. Materialerne er dog stadig frit tilg\u00e6ngelige, men kan dog v\u00e6re for\u00e6ldet.<\/strong><\/p>\n\n\n\n<p><strong>\u200b<\/strong>En r\u00e6kke gode tekster om varet\u00e6gtsf\u00e6ngsling og anden repression som l\u00e5 p\u00e5 Projekt Antifas hjemmeside indtil den lukkede i 2015.<\/p>\n\n\n<div class=\"wp-classic-menu-block \"><ul id=\"menu-projekt-antifa-guides\" class=\"menu\"><li id=\"menu-item-127\" class=\"menu-item menu-item-type-post_type menu-item-object-page menu-item-127\"><a href=\"https:\/\/abc-kbh.dk\/index.php\/hold-kaeft-hold-ud-kom-ud\/\">Hold k\u00e6ft \u2013 hold ud \u2013 kom ud!<\/a><\/li>\n<li id=\"menu-item-128\" class=\"menu-item menu-item-type-post_type menu-item-object-page menu-item-128\"><a href=\"https:\/\/abc-kbh.dk\/index.php\/fra-varetaegt-til-hverdag\/\">Fra varet\u00e6gt til hverdag<\/a><\/li>\n<li id=\"menu-item-129\" class=\"menu-item menu-item-type-post_type menu-item-object-page menu-item-129\"><a href=\"https:\/\/abc-kbh.dk\/index.php\/skriv-for-satan\/\">Skriv for satan!<\/a><\/li>\n<\/ul><\/div>\n\n\n<div class=\"wp-block-buttons is-layout-flex wp-block-buttons-is-layout-flex\">\n<div class=\"wp-block-button\"><a class=\"wp-block-button__link wp-element-button\" href=\"javascript:history.back()\">Tilbage<\/a><\/div>\n<\/div>\n","protected":false},"excerpt":{"rendered":"<p>OBS: ABC K\u00f8benhavn lukkede i juni 2023. Materialerne er dog stadig frit tilg\u00e6ngelige, men kan dog v\u00e6re for\u00e6ldet. \u200bEn r\u00e6kke gode tekster om varet\u00e6gtsf\u00e6ngsling og anden repression som l\u00e5 p\u00e5 Projekt Antifas hjemmeside indtil den lukkede i 2015.<\/p>\n","protected":false},"author":1,"featured_media":0,"parent":0,"menu_order":0,"comment_status":"closed","ping_status":"closed","template":"","meta":{"footnotes":""},"_links":{"self":[{"href":"https:\/\/abc-kbh.dk\/index.php\/wp-json\/wp\/v2\/pages\/117"}],"collection":[{"href":"https:\/\/abc-kbh.dk\/index.php\/wp-json\/wp\/v2\/pages"}],"about":[{"href":"https:\/\/abc-kbh.dk\/index.php\/wp-json\/wp\/v2\/types\/page"}],"author":[{"embeddable":true,"href":"https:\/\/abc-kbh.dk\/index.php\/wp-json\/wp\/v2\/users\/1"}],"replies":[{"embeddable":true,"href":"https:\/\/abc-kbh.dk\/index.php\/wp-json\/wp\/v2\/comments?post=117"}],"version-history":[{"count":2,"href":"https:\/\/abc-kbh.dk\/index.php\/wp-json\/wp\/v2\/pages\/117\/revisions"}],"predecessor-version":[{"id":130,"href":"https:\/\/abc-kbh.dk\/index.php\/wp-json\/wp\/v2\/pages\/117\/revisions\/130"}],"wp:attachment":[{"href":"https:\/\/abc-kbh.dk\/index.php\/wp-json\/wp\/v2\/media?parent=117"}],"curies":[{"name":"wp","href":"https:\/\/api.w.org\/{rel}","templated":true}]}}