{"id":114,"date":"2023-08-15T09:57:15","date_gmt":"2023-08-15T07:57:15","guid":{"rendered":"http:\/\/80.78.24.83\/?page_id=114"},"modified":"2023-08-15T10:10:46","modified_gmt":"2023-08-15T08:10:46","slug":"guide-til-varetaegtsfaengsling","status":"publish","type":"page","link":"https:\/\/abc-kbh.dk\/index.php\/guide-til-varetaegtsfaengsling\/","title":{"rendered":"Guide til varet\u00e6gtsf\u00e6ngsling"},"content":{"rendered":"\n<p><strong>OBS: ABC K\u00f8benhavn lukkede i juni 2023. Materialerne er dog stadig frit tilg\u00e6ngelige, men kan dog v\u00e6re for\u00e6ldet.<\/strong><\/p>\n\n\n\n<h4 class=\"wp-block-heading\">\u200bHvad er varet\u00e6gtsf\u00e6ngsling?<\/h4>\n\n\n\n<p>At v\u00e6re varet\u00e6gtsf\u00e6ngslet adskiller sig fra at afsone, selvom det f\u00f8les som en straf. Du afsoner n\u00e5r du har f\u00e5et din dom, og du er varet\u00e6gtsf\u00e6ngslet, n\u00e5r du venter p\u00e5 din dom. Varet\u00e6gten bliver dog trukket fra den dom, du eventuelt senere kommer til at afsone, s\u00e5 man kan sige, at den tid du bruger i varet\u00e6gt ikke er helt spildt, hvis du bliver d\u00f8mt skyldig \u2013 du tager bare forskud p\u00e5 sorgerne. Varet\u00e6gt er det samme som at sidde i lukket f\u00e6ngsel. N\u00e5r du bliver id\u00f8mt varet\u00e6gt, er en ting sikkert; dit liv bliver vendt fuldst\u00e6ndigt p\u00e5 hovedet. Alt, hvad du holder af, er vant til eller har lyst til, bliver taget fra dig og n\u00e6gtet dig. I din tid i f\u00e6ngslet vil dine behov og lyster kun blive opfyldt, n\u00e5r (og i de m\u00e6ngder) det passer f\u00e6ngselssystemet. Du bliver frataget dit initiativ, din spontanitet og din bev\u00e6gelsesfrihed. Systemet vil g\u00f8re hvad der st\u00e5r i dets magt for tilpasse og \u00e6ndre dig, s\u00e5 du passer ind i deres rutiner. De vil pr\u00f8ve at \u00e6ndre din d\u00f8gnrytme, tilpasse din appetit, bestemme hvorn\u00e5r du skal st\u00e5 op, og hvorn\u00e5r du m\u00e5 g\u00e5 p\u00e5 toilettet. I deres \u00f8jne er du ikke et menneske, men en fange, en skyldig.<\/p>\n\n\n\n<p>Husk at du ikke er d\u00f8mt endnu! Selv hvis du regner med at blive det, er der ingen grund til at indr\u00f8mme, hvis du har gjort noget. Politiet kommer sandsynligvis til at pr\u00f8ve at f\u00e5 dig til at snakke &#8211; men lad v\u00e6re! Uanset hvad de siger, hj\u00e6lper det dig ikke. Der er ingen grund til at hj\u00e6lpe politiet, og i det danske retssystem er det ikke strafbart at lyve eller undlade at fort\u00e6lle sandheden. Hvis du har brug for at tale om din sag, s\u00e5 snak kun med din forsvarer.<\/p>\n\n\n\n<p>\u200b<\/p>\n\n\n\n<h4 class=\"wp-block-heading\">Det praktiske<\/h4>\n\n\n\n<p>Telefon:<br>Vagterne har en telefon, som du kan ringe fra. Optimalt skal du have lov til at sidde alene i din celle og ringe, mens vagten venter udenfor, men de kan finde p\u00e5 at overh\u00f8re din samtale. Som udgangspunkt burde du f\u00e5 mulighed for at ringe hver anden uge, men sp\u00f8rg hver 3. dag om muligheden \u2013 is\u00e6r hvis de skifter vagt tit! L\u00e6g v\u00e6gt p\u00e5 at du har en stor omgangskreds og en familie\/venner, der st\u00f8tter meget. I forhold til at ringe, s\u00e5 er det suver\u00e6nt op til den enkelte vagt at give dig lov til at ringe, og det kommer helt an p\u00e5 deres hum\u00f8r og forhold til dig.<\/p>\n\n\n\n<p>\u200b<\/p>\n\n\n\n<p>Kiosk:<br>I kiosken kan du k\u00f8be sm\u00f8ger\/tobak, frim\u00e6rker og forskellige madvarer og slik\/sodavand og hygiejneartikler. Maden i f\u00e6ngslet er klam og meget ensformig \u2014 og s\u00e5 er det systemet der v\u00e6lger menuen! Det kan derfor v\u00e6re rart at k\u00f8be ekstra mad og luksusting (f.eks. ekstra m\u00e6lk\/sukker til kaffen). Det er ikke s\u00e5 tit, man oplever luksus i f\u00e6ngslet, s\u00e5 brug dine chancer. Maden kan opbevares i k\u00f8lebokse, der burde st\u00e5 i din celle (ellers bed om en). Ved m\u00e5ltiderne kan k\u00f8leelementerne udskiftes (vagterne har dem p\u00e5 vognene). Hver kiosk har sine egne systemer \u2013 typisk har man mulighed for at bes\u00f8ge kiosken to gange om ugen \u2014 s\u00e5 l\u00e6r at planl\u00e6gge hvad du skal bruge og husk p\u00e5, at weekenden ofte f\u00f8les l\u00e6ngere.<\/p>\n\n\n\n<p>\u200b<\/p>\n\n\n\n<h4 class=\"wp-block-heading\">Bes\u00f8g<\/h4>\n\n\n\n<p>Du skal selv sende bes\u00f8gstilladelser til dem, du \u00f8nsker bes\u00f8g fra. Du beder vagterne om at f\u00e5 en seddel, og s\u00e5 skal du skrive navn og adresse p\u00e5 dem, du gerne vil have bes\u00f8g af.<\/p>\n\n\n\n<p>Inden du skal til bes\u00f8g er det en god id\u00e9 at skrive ned, hvis der er noget vigtigt, du vil sige eller bede om, s\u00e5 du ikke glemmer det.<\/p>\n\n\n\n<p>N\u00e5r dine g\u00e6ster g\u00e5r igen, skal de bestille en ny tid med det samme (is\u00e6r hvis det er de samme der bes\u00f8ger dig!). Og det er bedst, hvis du selv styrer, hvem du vil have bes\u00f8g af og ikke dine venner udenfor.<\/p>\n\n\n\n<p>At f\u00e5 bes\u00f8g i f\u00e6ngslet er noget af det bedste, man oplever, men ogs\u00e5 noget af det v\u00e6rste. Det er (oftest) s\u00e5 dejligt at se sin familie\/venner\/k\u00e6reste, at man glemmer b\u00e5de tid og sted, men n\u00e5r man skal sige farvel og ikke m\u00e5 komme med ud igen, s\u00e5 er det rigtigt trist. Man kommer som oftest tilbage alene til sin celle bagefter, og det er en trist fornemmelse. Men, bes\u00f8g hj\u00e6lper! Det er essentielt at vide at man er afholdt, savnet og elsket, selvom man sidder i f\u00e6ngsel og har bragt \u201dskam\u201d over familien\/sine n\u00e6rmeste.<\/p>\n\n\n\n<p>\u200b<\/p>\n\n\n\n<h4 class=\"wp-block-heading\">Skole\/arbejde<\/h4>\n\n\n\n<p>Selvom du bliver tvunget til det kedeligste arbejde for en ussel l\u00f8n, kan det v\u00e6re en ok m\u00e5de at holde sig igang. I nogle tilf\u00e6lde kan det ogs\u00e5 v\u00e6re en m\u00e5de at f\u00e5 f\u00e6llesskab med de andre f\u00e6ngslede. Hvis du er studerende, har du ret til at f\u00e5 dine skoleb\u00f8ger sendt ind. Du kan ogs\u00e5 l\u00e5ne b\u00f8ger fra f\u00e6ngselsbiblioteket.<\/p>\n\n\n\n<p>\u200b<\/p>\n\n\n\n<h4 class=\"wp-block-heading\">Socialt samv\u00e6r<\/h4>\n\n\n\n<p>De andre fanger kan virke skr\u00e6mmende i begyndelsen. Men pr\u00f8v alligevel at tale med nogen p\u00e5 g\u00e5rdturen og aftal f\u00e6llesskab med dem. Det er vigtigt ikke at isolere sig mere end h\u00f8jst n\u00f8dvendigt.<\/p>\n\n\n\n<p>Vagterne er som udgangspunkt ikke p\u00e5 din side, men nogle er v\u00e6rre end andre. Selvom de ikke er dine venner, kan det v\u00e6re en god id\u00e9 at tale p\u00e6nt til dem, for s\u00e5 er der st\u00f8rre chance for, at de giver dig de ting, du har ret til.<\/p>\n\n\n\n<p>F\u00e6ngselspr\u00e6ster er generelt flinke og gode at tale med, selvom man ikke er religi\u00f8s.<\/p>\n\n\n\n<p>\u200b<\/p>\n\n\n\n<h4 class=\"wp-block-heading\">Din advokat<\/h4>\n\n\n\n<p>Brug din advokat\/forsvarer s\u00e5 meget som muligt. Hvis du har f\u00e5et en beskikket forsvarer, kan det v\u00e6re en god id\u00e9 at bede om en ny. ABC K\u00f8benhavn anbefaler Hanne Reumert, Marc J\u00f8rgensen eller Amalie Starch (s\u00e6rligt hvis du er mindre\u00e5rig). Bed din forsvarer om at komme p\u00e5 bes\u00f8g og hj\u00e6lpe dig med f.eks. kontakt til dine venner.<\/p>\n\n\n\n<p>\u200b<\/p>\n\n\n\n<h4 class=\"wp-block-heading\">Fristforl\u00e6ngelser<\/h4>\n\n\n\n<p>Hver fjerde uge skal du til s\u00e5kaldt fristforl\u00e6ngelse, hvor dommeren kan beslutte at forl\u00e6nge din f\u00e6ngsling med fire uger mere. Oftest foreg\u00e5r det over telelink, hvor du er for retten via video fra arresten. M\u00e5ske er dine p\u00e5r\u00f8rende i retslokalet og kan se dig p\u00e5 video, men kameraet er oftest vendt v\u00e6k fra dem. Oftest er det til en fristforl\u00e6ngelse, du bliver l\u00f8sladt, men du risikerer at sidde f\u00e6ngslet frem til din retssag.<\/p>\n\n\n\n<p>\u200b<\/p>\n\n\n\n<h4 class=\"wp-block-heading\">Skriv breve<\/h4>\n\n\n\n<p>F\u00e6ngslet skal stille papir, kuglepenne og konvolutter til r\u00e5dighed for dig og sp\u00f8rg altid om nyt lidt f\u00f8r du l\u00f8ber t\u00f8r. Frim\u00e6rker skal du selv k\u00f8be i kiosken, eller de kan sendes til dig (selvom det ikke er tilladt, s\u00e5 lad folk sende nogen med). Hvis du har bes\u00f8gs- og brevkontrol, s\u00e5 l\u00e6ser politiet med, og de klipper i breve b\u00e5de til og fra dig, hvis sagen er omtalt.<\/p>\n\n\n\n<p>\u200b<\/p>\n\n\n\n<h4 class=\"wp-block-heading\">Hold ud!<\/h4>\n\n\n\n<p>Du kommer ud igen! Fors\u00f8g at holde dig selv oppe \u2014 oprethold s\u00e5 vidt muligt dine interesser og din identitet. Lav tegninger, skriv politiske tekster, l\u00e6s, styrketr\u00e6n (ABC kan give dit et program). F\u00e5 venner eller familie til at indlevere ting, der betyder noget for dig.<\/p>\n\n\n\n<p>\u200b<\/p>\n\n\n\n<p>Husk ogs\u00e5, at selv hvis du ender med at blive d\u00f8mt, s\u00e5 er det den v\u00e6rste del, du gennemg\u00e5r nu. Der er langt bedre forhold i de \u00e5bne f\u00e6ngsler, som de fleste afsoner i.<\/p>\n\n\n\n<p>\u200b<\/p>\n\n\n\n<p>Hvis du har sp\u00f8rgsm\u00e5l eller har brug for noget, kan du altid kontakte ABC K\u00f8benhavn via brev eller telefon. Vi h\u00f8rer ogs\u00e5 meget gerne fra dig, hvis du har rettelser til denne guide.<\/p>\n\n\n\n<div class=\"wp-block-buttons is-layout-flex wp-block-buttons-is-layout-flex\">\n<div class=\"wp-block-button\"><a class=\"wp-block-button__link wp-element-button\" href=\"javascript:history.back()\">Tilbage<\/a><\/div>\n<\/div>\n","protected":false},"excerpt":{"rendered":"<p>OBS: ABC K\u00f8benhavn lukkede i juni 2023. Materialerne er dog stadig frit tilg\u00e6ngelige, men kan dog v\u00e6re for\u00e6ldet. \u200bHvad er varet\u00e6gtsf\u00e6ngsling? At v\u00e6re varet\u00e6gtsf\u00e6ngslet adskiller sig fra at afsone, selvom det f\u00f8les som en straf. Du afsoner n\u00e5r du har f\u00e5et din dom, og du er varet\u00e6gtsf\u00e6ngslet, n\u00e5r du venter p\u00e5 din dom. Varet\u00e6gten bliver [&hellip;]<\/p>\n","protected":false},"author":1,"featured_media":0,"parent":0,"menu_order":0,"comment_status":"closed","ping_status":"closed","template":"","meta":{"footnotes":""},"_links":{"self":[{"href":"https:\/\/abc-kbh.dk\/index.php\/wp-json\/wp\/v2\/pages\/114"}],"collection":[{"href":"https:\/\/abc-kbh.dk\/index.php\/wp-json\/wp\/v2\/pages"}],"about":[{"href":"https:\/\/abc-kbh.dk\/index.php\/wp-json\/wp\/v2\/types\/page"}],"author":[{"embeddable":true,"href":"https:\/\/abc-kbh.dk\/index.php\/wp-json\/wp\/v2\/users\/1"}],"replies":[{"embeddable":true,"href":"https:\/\/abc-kbh.dk\/index.php\/wp-json\/wp\/v2\/comments?post=114"}],"version-history":[{"count":2,"href":"https:\/\/abc-kbh.dk\/index.php\/wp-json\/wp\/v2\/pages\/114\/revisions"}],"predecessor-version":[{"id":132,"href":"https:\/\/abc-kbh.dk\/index.php\/wp-json\/wp\/v2\/pages\/114\/revisions\/132"}],"wp:attachment":[{"href":"https:\/\/abc-kbh.dk\/index.php\/wp-json\/wp\/v2\/media?parent=114"}],"curies":[{"name":"wp","href":"https:\/\/api.w.org\/{rel}","templated":true}]}}