{"id":110,"date":"2023-08-15T09:55:04","date_gmt":"2023-08-15T07:55:04","guid":{"rendered":"http:\/\/80.78.24.83\/?page_id=110"},"modified":"2023-08-15T10:08:55","modified_gmt":"2023-08-15T08:08:55","slug":"varetaegtsfaengsling-guide-til-paaroerende","status":"publish","type":"page","link":"https:\/\/abc-kbh.dk\/index.php\/varetaegtsfaengsling-guide-til-paaroerende\/","title":{"rendered":"Varet\u00e6gtsf\u00e6ngsling: Guide til p\u00e5r\u00f8rende"},"content":{"rendered":"\n<p><\/p>\n\n\n\n<p><strong>OBS: ABC K\u00f8benhavn lukkede i juni 2023. Materialerne er dog stadig frit tilg\u00e6ngelige, men kan dog v\u00e6re for\u00e6ldet.<\/strong><\/p>\n\n\n\n<p><strong>\u200b<\/strong><\/p>\n\n\n\n<p>N\u00e5r en ven eller et familiemedlem bliver varet\u00e6gtsf\u00e6ngslet, st\u00e5r man pludselig i en sv\u00e6r situation. Man kan blive chokeret, ked af det, vred eller det hele p\u00e5 \u00e9n gang. Man kan ikke uden videre tale om det med den f\u00e6ngslede, og m\u00e5ske heller ikke med andre. Det kan v\u00e6re overv\u00e6ldende og ensomt og give en f\u00f8lelse af magtesl\u00f8shed.<\/p>\n\n\n\n<p><br>Samtidig st\u00e5r man med en stor del af ansvaret for at hj\u00e6lpe og st\u00f8tte den f\u00e6ngslede, som ingen indflydelse har p\u00e5 sin egen situation. Is\u00e6r hvis man ikke har st\u00e5et i situationen f\u00f8r, kan det virke uoverskueligt, og derfor har ABC K\u00f8benhavn lavet denne guide til p\u00e5r\u00f8rende til varet\u00e6gtsf\u00e6ngslede. Vi tager udgangspunkt i de k\u00f8benhavnske arrester, men det generelle g\u00e6lder for mange andre steder.<\/p>\n\n\n\n<p>\u200b<\/p>\n\n\n\n<h4 class=\"wp-block-heading\">Hvad er varet\u00e6gtsf\u00e6ngsel?<\/h4>\n\n\n\n<p>Har man v\u00e6ret anholdt i mere end 24 timer, skal man for dommervagten. Det foreg\u00e5r i byretten, og her skal dommeren beslutte at l\u00f8slade eller varet\u00e6gtsf\u00e6ngsle. Ved en varet\u00e6gtsf\u00e6ngsling bliver man k\u00f8rt direkte til arresten. Hvis du ikke ved, hvilken arrest den f\u00e6ngslede er k\u00f8rt til, kan du sp\u00f8rge deres forsvarer.<\/p>\n\n\n\n<p><br>I K\u00f8benhavn sidder man varet\u00e6gtsf\u00e6ngslet i enten Vestre F\u00e6ngsel eller Blegdamsvejens Arrest.<br><br>Hvis man ved eller forventer, at ens ven eller familiemedlem skal for dommervagten, er det en god id\u00e9 at ringe til byretten og sp\u00f8rge, hvad tid det foreg\u00e5r. P\u00e5 den m\u00e5de kan man selv v\u00e6re til stede i retten.<br><br>Varet\u00e6gtsf\u00e6ngsling betyder ikke, at personen er d\u00f8mt skyldig, selvom det f\u00f8les som en straf. Det betyder kun, at dommeren har vurderet, at der er \u201cbegrundet mistanke\u201d for en forbrydelse, som har en strafferamme p\u00e5 mindst halvandet \u00e5r.<br><br>Almindeligvis er dommerens argument for at varet\u00e6gtsf\u00e6ngsle enten, at der er risiko for at man beg\u00e5r kriminalitet igen, hvis man er p\u00e5 fri fod, at man vil fors\u00f8ge at flygte, eller at man vil fors\u00f8ge at p\u00e5virke efterforskningen. I s\u00e6rlige tilf\u00e6lde kan de varet\u00e6gtsf\u00e6ngsle udelukkende med henvisning til det vage begreb om \u201chensynet til befolkningens retsf\u00f8lelse\u201d.<br><br>Man kan blive varet\u00e6gtsf\u00e6ngslet max fire uger ad gangen. Det vil sige, at den f\u00e6ngslede skal for retten igen efter max 28 dage. Det kalder man fristforl\u00e6ngelse, og her kan den f\u00e6ngslede risikere at skulle sidde fire uger mere. En varet\u00e6gtsf\u00e6ngsling kan max vare s\u00e5 l\u00e6nge som dommeren tror, den endelige f\u00e6ngselsstraf bliver.<br>Fristforl\u00e6ngelser foreg\u00e5r s\u00e6dvanligvis over s\u00e5kaldt telelink, hvor den f\u00e6ngslede kun er til stede i retten via video.<br><br>I mange tilf\u00e6lde er man f\u00e6ngslet frem til retssag og domsf\u00e6ldelse. Derfor er det ikke til at vide, hvor l\u00e6nge man skal sidde varet\u00e6gtsf\u00e6ngslet, og den usikkerhed er enormt frustrerende for b\u00e5de den f\u00e6ngslede og de p\u00e5r\u00f8rende.<br>&nbsp;<\/p>\n\n\n\n<h4 class=\"wp-block-heading\">Hvordan kan jeg hj\u00e6lpe og st\u00f8tte den f\u00e6ngslede?<\/h4>\n\n\n\n<p>Selvom det er h\u00e5rdt at v\u00e6re p\u00e5r\u00f8rende, m\u00e5 du fors\u00f8ge at v\u00e6re st\u00e6rk og huske, at den f\u00e6ngslede er i en sv\u00e6r situation. Man sidder alene og isoleret, og m\u00e5ske er man ogs\u00e5 bange eller skammer sig. Usikkerheden og uvisheden er en stor psykisk belastning.<br><br>Respekt\u00e9r den f\u00e6ngsledes privatliv og lad som udgangspunkt v\u00e6re med at fort\u00e6lle andre end de n\u00e6rmeste om det (is\u00e6r hvis der er navneforbud i sagen), med mindre den f\u00e6ngslede har givet dig lov til det.<br><br>Fors\u00f8g at finde ud af, hvem den f\u00e6ngsledes forsvarer\/advokat er. Forsvareren har direkte adgang til den f\u00e6ngslede og kan muligvis sp\u00f8rge til behov og videregive beskeder.<br><br>Hj\u00e6lp dem hvis muligt med husleje\/job\/uddannelse\/k\u00e6ledyr, for det har de ikke selv mulighed for at h\u00e5ndtere. Som udgangspunkt skal kommunen betale den f\u00e6ngsledes husleje.<br><br>S\u00f8rg for at tage forbi deres hjem engang imellem, hvis der ikke bor andre (sluk k\u00f8leskab, str\u00f8m, luft ud osv.).<br><br>Det er vigtigt at indlevere ting, skrive breve og bes\u00f8ge dem s\u00e5 meget som muligt.<br><br>Lov dem aldrig mere end du kan holde. Overhold alle aftaler med dem: det er vigtigere for dem end normalt.<\/p>\n\n\n\n<p><br>Personlige ejendele<\/p>\n\n\n\n<p>Den f\u00e6ngslede f\u00e5r udleveret toiletartikler i arresten og har et fjernsyn p\u00e5 cellen. Men man mangler sine personlige ejendele, og dem kan man som p\u00e5r\u00f8rende indlevere i f\u00e6ngslet.<br><br>Det er is\u00e6r vigtigt hurtigst muligt at indlevere undert\u00f8j, sokker, sko, t\u00f8j og s\u00e6rlige n\u00f8dvendigheder som fx kontaktlinser. Det skal indleveres i arresten i en pose med den f\u00e6ngsledes navn og f\u00f8dselsdato p\u00e5, og man skal huske at medbringe gyldig billedlegitimation.<br><br>Det er ogs\u00e5 en god id\u00e9 at indlevere ting, som betyder noget for den f\u00e6ngslede. Det kan v\u00e6re alt fra nipsting og fotos til en s\u00e6rlig hobby. Det er kedeligt at v\u00e6re varet\u00e6gtsf\u00e6ngslet, s\u00e5 man har brug for s\u00e5 meget underholdning, som muligt. L\u00e6sestof er altid en god id\u00e9. B\u00f8ger, tegneserier, avisartikler og lignende skal indleveres som l\u00f8se ark. Musik skal ogs\u00e5 indleveres i original emballage.<\/p>\n\n\n\n<p>\u200b<\/p>\n\n\n\n<p>Indleveringen i Vestre F\u00e6ngsel har \u00e5bent mandag &#8211; torsdag kl. 08:00-19:00 og s\u00f8n- og helligdage kl. 09:00-15:00. Blegdamsvejens Arrest tager kun imod ting i forbindelse med bes\u00f8g, ellers skal der indleveres gennem Vestre F\u00e6ngsel.<\/p>\n\n\n\n<p><br>Penge<\/p>\n\n\n\n<p>Man f\u00e5r lidt penge ved at arbejde i arresten, men hvis du har rigeligt, kan du give dem ekstra. Penge kan ikke indleveres, men skal overf\u00f8res til en konto, hvor man skal skrive den f\u00e6ngsledes fulde navn og cpr-nummer.<br>&nbsp;<\/p>\n\n\n\n<p>Kontonummer til f\u00e6ngsler i K\u00f8benhavn:<\/p>\n\n\n\n<p>Reg.nr. 0216<br>Kontonr. 4069142338<\/p>\n\n\n\n<p>\u200b<\/p>\n\n\n\n<p>Telefon<\/p>\n\n\n\n<p>Man har ret til at ringe ud fra arresten, men det er ofte sv\u00e6rt i praksis, og m\u00e5ske kan man ikke huske de relevante telefonnumre. Husk at tage telefonen, hvis der ringes med hemmeligt nummer. Det kan v\u00e6re den f\u00e6ngslede, der fors\u00f8ger at f\u00e5 fat i dig, og du kan ikke bare ringe tilbage til dem senere.<br>&nbsp;<\/p>\n\n\n\n<p>Breve<\/p>\n\n\n\n<p>Ud over bes\u00f8g og telefonsamtaler er breve den eneste kontakt, den f\u00e6ngslede har til verden udenfor. Skriv derfor brev til dem hurtigst muligt og s\u00e5 ofte, du kan. Breve kan sendes med almindelig post, men det g\u00e5r langt hurtigere at indlevere dem i f\u00e6ngslet.<br>P\u00e5 konvolutten skal st\u00e5:<br><br>Den f\u00e6ngsledes fulde navn<br>F\u00f8dselsdato<br>Postbox 701<br>2450 K\u00f8benhavn SV<br><br>Skriv dit fulde navn og adresse p\u00e5 den anden side af konvolutten, s\u00e5 de kan skrive tilbage. Skriv ogs\u00e5 dit telefonnummer i brevet. V\u00e6r opm\u00e6rksom p\u00e5, at brevene altid \u00e5bnes af f\u00e6ngselsbetjente og tjekkes for indsmugling.<br><br>Hvis du ikke ved, hvad du skal skrive, er&nbsp;<a href=\"https:\/\/www.abc-kbh.dk\/skriv-for-satan\">her<\/a>&nbsp;en guide til brevskrivning.<\/p>\n\n\n\n<p><br>OBS: I nogle tilf\u00e6lde har den f\u00e6ngslede brev- og bes\u00f8gskontrol. S\u00e5 skal brevene sendes til politiet, som \u00e5bner og l\u00e6ser dem. Man skal ringe til politiet og finde ud af, hvilken afdeling der behandler sagen, for at f\u00e5 adressen.<\/p>\n\n\n\n<p>\u200b<\/p>\n\n\n\n<p>Bes\u00f8g<\/p>\n\n\n\n<p>Man kan f\u00e5 bes\u00f8g \u00e9n gang om ugen af max tre personer ad gangen. F\u00f8r bes\u00f8get skal den f\u00e6ngslede udfylde en bes\u00f8gstilladelse med dit navn og adresse og sende den til dig. B\u00e5de f\u00e6ngselsbetjente og posten kan v\u00e6re langsomme, s\u00e5 m\u00e5ske g\u00e5r der noget tid, f\u00f8r du modtager den. Du skal s\u00e5 udfylde den og sende den tilbage til:<br><br>K\u00f8benhavns F\u00e6ngsler<br>Bes\u00f8gsafdelingen<br>Vigerslev Alle 1D<br>2450 K\u00f8benhavn SV<br><br>Du kan fors\u00f8ge at indlevere bes\u00f8gstilladelsen i stedet for at sende, s\u00e5 det g\u00e5r lidt hurtigere. N\u00e5r f\u00e6ngslet har modtaget tilladelsen, skal du ringe til f\u00e6ngslet og booke bes\u00f8get. Det kan g\u00f8res mandag-torsdag kl. 09:30 -14:00 p\u00e5 tlf. 7255 5221.<br><br>Til bes\u00f8get skal du huske gyldig billedlegitimation, kontanter til slikautomat samt papir og blyant, s\u00e5 du kan skrive ned (du kan ikke have din telefon med), hvis den f\u00e6ngslede har brug for noget. Forbered dig mentalt og t\u00e6nk over, hvad der er vigtigt at f\u00e5 talt om, og skriv det evt. ned. Selve bes\u00f8get varer kun en time i udgangspunktet, og f\u00f8les endnu kortere.<br><br>Sp\u00f8rg om de mangler noget, og bed dem om at skrive ned, hvis de kommer i tanker om noget inden n\u00e6ste bes\u00f8g. Det er ogs\u00e5 en god id\u00e9 at sp\u00f8rge, om der er andre, de gerne vil have bes\u00f8g af.<\/p>\n\n\n\n<p>\u200b<\/p>\n\n\n\n<p>Bes\u00f8get er f\u00f8rst og fremmest for deres skyld, s\u00e5 fors\u00f8g at g\u00f8re det til en positiv oplevelse, selvom det kan v\u00e6re sv\u00e6rt. Du kan gr\u00e6de, n\u00e5r du kommer hjem. Fort\u00e6l dem, at det hele nok skal g\u00e5, og at du er der for dem. V\u00e6r ikke bange for at fort\u00e6lle om sjove ting, du har oplevet og fors\u00f8g at skabe en hyggelig og almindelig stemning.<\/p>\n\n\n\n<p>\u200b<\/p>\n\n\n\n<p>Fors\u00f8g at v\u00e6re st\u00f8ttende, forst\u00e5ende og overb\u00e6rende til bes\u00f8get \u2014 ogs\u00e5 hvis du er ked af det eller vred. Det er sv\u00e6rt at forudse, hvordan den f\u00e6ngslede reagerer. M\u00e5ske er de kede af det, vrede eller f\u00f8lelseskolde. Lad v\u00e6re med at d\u00f8mme og lad dem reagere, som de har brug for. Undg\u00e5 at give dem d\u00e5rlig samvittighed \u2014 de t\u00e6nker sandsynligvis i forvejen p\u00e5, hvordan det p\u00e5virker andre. Men det hj\u00e6lper dem ikke, for de kan ikke g\u00f8re noget ved det lige nu.<br><br><strong>OBS:<\/strong>&nbsp;Undlad at tale mere end n\u00f8dvendigt om selve sagen. Tag ikke stilling til skyld eller uskyld og afkr\u00e6v ikke forklaringer eller bekendelser.<\/p>\n\n\n\n<p>Mere information om bes\u00f8g, indlevering og pengeoverf\u00f8rsler til Vestre F\u00e6ngsel kan findes&nbsp;<a href=\"https:\/\/www.kriminalforsorgen.dk\/steder\/vestre-faengsel\/\" target=\"_blank\" rel=\"noreferrer noopener\"><strong>her<\/strong><\/a>. Lignende information for andre f\u00e6ngsler og arresthuse kan findes&nbsp;<a href=\"https:\/\/www.kriminalforsorgen.dk\/om-os\/steder-og-kontakt\/\" target=\"_blank\" rel=\"noreferrer noopener\"><strong>her<\/strong><\/a>.<\/p>\n\n\n\n<p>\u200b<\/p>\n\n\n\n<h4 class=\"wp-block-heading\">Hvordan kan jeg hj\u00e6lpe mig selv?<\/h4>\n\n\n\n<p>Tal med folk du stoler p\u00e5 om dine tanker og f\u00f8lelser, men fors\u00f8g at lade v\u00e6re med at tale om den konkrete sag. Giv dig selv lov til at v\u00e6re vred eller ked af det, selvom du ikke kan udtrykke det overfor den f\u00e6ngslede. Husk at den f\u00e6ngslede ikke bliver gladere af, at du er ulykkelig, s\u00e5 pr\u00f8v at passe p\u00e5 dig selv og fors\u00f8g at opretholde din hverdag.<\/p>\n\n\n\n<p>Du m\u00e5 altid gerne kontakte ABC K\u00f8benhavn, hvis du er i tvivl om noget eller mangler nogen at tale med. Vi forst\u00e5r b\u00e5de, hvordan det er at v\u00e6re varet\u00e6gtsf\u00e6ngslet og p\u00e5r\u00f8rende og s\u00e6rligt, hvordan det er som politisk aktiv p\u00e5 den radikale venstrefl\u00f8j.<br><br>Andre ressourcer:<br><a href=\"http:\/\/www.savn.dk\/\" target=\"_blank\" rel=\"noreferrer noopener\">SAVN<\/a>: St\u00f8tte og r\u00e5dgivning til p\u00e5r\u00f8rende.<br><a href=\"https:\/\/www.rusklaw.dk\/\" target=\"_blank\" rel=\"noreferrer noopener\">RUSK<\/a>: Retshj\u00e6lp og info om rettigheder. De kan gratis hj\u00e6lpe med juridiske problemer, fx hvis du eller den f\u00e6ngslede er blevet udsat for overgreb fra politiet i forbindelse med anholdelsen.<\/p>\n\n\n\n<p>\u200b<\/p>\n\n\n\n<p>L\u00f8sladelsen<\/p>\n\n\n\n<p>I nogle tilf\u00e6lde l\u00f8slades den f\u00e6ngslede inden retssagen og i andre er man varet\u00e6gtsf\u00e6ngslet helt frem til retssagen. L\u00f8sladelse sker som oftest til en fristforl\u00e6ngelse, hvor dommeren beslutter, at der ikke l\u00e6ngere er grundlag for varet\u00e6gtsf\u00e6ngslingen. I s\u00e5 fald l\u00f8slades man med det samme.<\/p>\n\n\n\n<p>Ofte er den l\u00f8sladte helt vildt glad og vil ud at nyde friheden, men det kan ogs\u00e5 v\u00e6re meget overv\u00e6ldende \u2014 is\u00e6r hvis f\u00e6ngslingen har v\u00e6ret langvarig. Derfor er det umuligt at forudse den l\u00f8sladtes reaktion. Igen er det vigtigt at fors\u00f8ge at nedtone sine egne forventninger. M\u00e5ske har den l\u00f8sladte brug for at v\u00e6re sammen med sine venner eller familie hele tiden, eller ogs\u00e5 har de mere brug for at v\u00e6re alene.<br>Sp\u00f8rg ind til og respekt\u00e9r deres behov og undlad at give dem for mange valgmuligheder, for de har haft en meget lille hverdag i arresten. V\u00e6r ikke bange for at sp\u00f8rge, hvordan de har det, og hvordan det var at v\u00e6re f\u00e6ngslet. Men accept\u00e9r ogs\u00e5, hvis de ikke vil tale om det. Husk, at selvom det m\u00e5ske virker som om, de har det godt i begyndelsen, kan det \u00e6ndre sig. Den l\u00f8sladte har m\u00e5ske s\u00f8vnbesv\u00e6r eller synes, alting er ligegyldigt.<\/p>\n\n\n\n<p>Varet\u00e6gtsf\u00e6ngsling er et voldsomt overgreb, som efterlader traumer for b\u00e5de den f\u00e6ngslede og de p\u00e5r\u00f8rende. V\u00e6r opm\u00e6rksom p\u00e5, at efterreaktioner som s\u00f8vnbesv\u00e6r og ligegyldighedsf\u00f8lelse er naturligt og kan vare l\u00e6nge eller dukke op l\u00e6nge efter f\u00e6ngslingen.<\/p>\n\n\n\n<p>Husk, at der m\u00e5ske venter en dom og\/eller en afsoning i almindeligt f\u00e6ngsel. Men husk ogs\u00e5, at omst\u00e6ndighederne under en afsoning er bedre end i varet\u00e6gt, og at du i det mindste slipper for usikkerhed om fremtiden. Sandsynligvis er det v\u00e6rste overst\u00e5et.<\/p>\n\n\n\n<div class=\"wp-block-buttons is-layout-flex wp-block-buttons-is-layout-flex\">\n<div class=\"wp-block-button\"><a class=\"wp-block-button__link wp-element-button\" href=\"javascript:history.back()\">Tilbage<\/a><\/div>\n<\/div>\n","protected":false},"excerpt":{"rendered":"<p>OBS: ABC K\u00f8benhavn lukkede i juni 2023. Materialerne er dog stadig frit tilg\u00e6ngelige, men kan dog v\u00e6re for\u00e6ldet. \u200b N\u00e5r en ven eller et familiemedlem bliver varet\u00e6gtsf\u00e6ngslet, st\u00e5r man pludselig i en sv\u00e6r situation. Man kan blive chokeret, ked af det, vred eller det hele p\u00e5 \u00e9n gang. Man kan ikke uden videre tale om [&hellip;]<\/p>\n","protected":false},"author":1,"featured_media":0,"parent":0,"menu_order":0,"comment_status":"closed","ping_status":"closed","template":"","meta":{"footnotes":""},"_links":{"self":[{"href":"https:\/\/abc-kbh.dk\/index.php\/wp-json\/wp\/v2\/pages\/110"}],"collection":[{"href":"https:\/\/abc-kbh.dk\/index.php\/wp-json\/wp\/v2\/pages"}],"about":[{"href":"https:\/\/abc-kbh.dk\/index.php\/wp-json\/wp\/v2\/types\/page"}],"author":[{"embeddable":true,"href":"https:\/\/abc-kbh.dk\/index.php\/wp-json\/wp\/v2\/users\/1"}],"replies":[{"embeddable":true,"href":"https:\/\/abc-kbh.dk\/index.php\/wp-json\/wp\/v2\/comments?post=110"}],"version-history":[{"count":2,"href":"https:\/\/abc-kbh.dk\/index.php\/wp-json\/wp\/v2\/pages\/110\/revisions"}],"predecessor-version":[{"id":131,"href":"https:\/\/abc-kbh.dk\/index.php\/wp-json\/wp\/v2\/pages\/110\/revisions\/131"}],"wp:attachment":[{"href":"https:\/\/abc-kbh.dk\/index.php\/wp-json\/wp\/v2\/media?parent=110"}],"curies":[{"name":"wp","href":"https:\/\/api.w.org\/{rel}","templated":true}]}}