{"id":104,"date":"2023-08-15T09:46:44","date_gmt":"2023-08-15T07:46:44","guid":{"rendered":"http:\/\/80.78.24.83\/?page_id=104"},"modified":"2023-08-15T09:46:44","modified_gmt":"2023-08-15T07:46:44","slug":"afsoning-i-aabent-faengsel","status":"publish","type":"page","link":"https:\/\/abc-kbh.dk\/index.php\/afsoning-i-aabent-faengsel\/","title":{"rendered":"Afsoning i \u00e5bent f\u00e6ngsel"},"content":{"rendered":"\n<p><strong>OBS: ABC K\u00f8benhavn lukkede i juni 2023. Materialerne er dog stadig frit tilg\u00e6ngelige, men kan dog v\u00e6re for\u00e6ldet.<\/strong><\/p>\n\n\n\n<p>Domme under 5 \u00e5r afsones som udgangspunkt i et \u00e5bent f\u00e6ngsel. Forholdene i \u00e5bne f\u00e6ngsler er meget anderledes fra, hvad du har oplevet, hvis du har siddet varet\u00e6gtsf\u00e6ngslet. Som oftest vil den fysiske indesp\u00e6rring p\u00e5 omr\u00e5det v\u00e6re minimal, hvis den overhovedet er der. En typisk dag kan fx se s\u00e5dan ud:<\/p>\n\n\n\n<p><strong>\u200b<\/strong><\/p>\n\n\n\n<p>07.00: D\u00f8rene l\u00e5ses op<\/p>\n\n\n\n<p>08.00: M\u00f8de p\u00e5 arbejde eller skole<\/p>\n\n\n\n<p>11.30: Frokost<\/p>\n\n\n\n<p>12.00: Tilbage p\u00e5 arbejde<\/p>\n\n\n\n<p>16.00: Fritid<\/p>\n\n\n\n<p>22.00: D\u00f8rene l\u00e5ses igen<\/p>\n\n\n\n<p>N\u00e5r du ikke er p\u00e5 arbejde eller i skole, kan du bev\u00e6ge dig frit rundt p\u00e5 f\u00e6ngslets omr\u00e5de. Der vil ofte v\u00e6re adgang til tr\u00e6ning, f\u00e6lleslokaler, hvor man fx kan se film eller spille spil og til at bes\u00f8ge andre indsatte i deres celler (eller &#8220;pinden&#8221; i daglig tale). Du st\u00e5r selv for reng\u00f8ring, t\u00f8jvask o.l.<\/p>\n\n\n\n<p>Efter 30 dage i f\u00e6ngslet (domme over 2 \u00bd \u00e5r: efter 1\/6 af straffen) kan du f\u00e5 weekendudgang hver 3. uge til en bestemt adresse, som skal godkendes. Hvis du flytter til et andet f\u00e6ngsel, skal du igen vente 30 dage. Godkendelse af en udgangsadresse sker i praksis p\u00e5 den m\u00e5de, at du indleverer en konkret ans\u00f8gning om udgang til en bestemt person, hvorefter der sendes en bes\u00f8gsanmodning til dem, hvor de skal skrive under p\u00e5, at f\u00e6ngslet m\u00e5 unders\u00f8ge dem i kriminalregisteret, hvorefter tilladelsen forh\u00e5bentlig gives. Normalt vil man kunne spare udgange sammen og fx tage \u00e9n lang udgang i stedet for en weekend ad gangen.<\/p>\n\n\n\n<h4 class=\"wp-block-heading\">Bes\u00f8g<\/h4>\n\n\n\n<p>At anmode om bes\u00f8g foreg\u00e5r mere eller mindre p\u00e5 samme m\u00e5de i \u00e5bne f\u00e6ngsler, som n\u00e5r du er varet\u00e6gtsf\u00e6ngslet. Du skal sende en bes\u00f8gstilladelse ud til dine p\u00e5r\u00f8rende, som skal udfylde den og sende den tilbage. Der kan v\u00e6re en begr\u00e6nsning p\u00e5, hvor mange bes\u00f8gstilladelser du kan f\u00e5, men den vil ofte v\u00e6re h\u00f8j.<\/p>\n\n\n\n<p>Efter at dine p\u00e5r\u00f8rende er blevet godkendt, skal I selv booke bes\u00f8get og kommunikere omkring det. Bes\u00f8gsforhold er bedre i \u00e5bne f\u00e6ngsler end i varet\u00e6gt. Du har ret til mindst et bes\u00f8g p\u00e5 en time hver uge, men du vil ofte have mulighed for l\u00e6ngere bes\u00f8g, is\u00e6r hvis dine p\u00e5r\u00f8rende kommer langvejs fra. Du kan f\u00e5 bes\u00f8g af flere folk p\u00e5 \u00e9n gang, og I beh\u00f8ver ofte ikke sidde i bes\u00f8gslokalet. Nogen f\u00e6ngsler lader dig f\u00e5 bes\u00f8g p\u00e5 din pind, andre vil have et f\u00e6llesrum og udend\u00f8rsarealer, I kan v\u00e6re p\u00e5. Bes\u00f8gslokalerne er ofte meget tydeligt beregnet til k\u00e6restebes\u00f8g og derfor ikke s\u00e5 rare at sidde i med familien.<\/p>\n\n\n\n<p>\u200b<\/p>\n\n\n\n<h4 class=\"wp-block-heading\">Telefonering<\/h4>\n\n\n\n<p>I de fleste \u00e5bne f\u00e6ngsler har du i dag mulighed for at f\u00e5 en mobiltelefon. Det foreg\u00e5r normalt ved, at du har dit eget simkort med og enten inds\u00e6tter det i en mobiltelefon, der er monteret p\u00e5 din pind, eller k\u00f8ber en mobiltelefon af f\u00e6ngslet, der s\u00e5 bliver monteret. Nogle f\u00e6ngsler har muligvis stadig kun korttelefoner p\u00e5 gangene.<\/p>\n\n\n\n<p>\u200b<\/p>\n\n\n\n<h4 class=\"wp-block-heading\">Arbejde<\/h4>\n\n\n\n<p>Arbejdet i de \u00e5bne f\u00e6ngsler varierer efter, hvor du sidder henne. En del af dem har landbrug og skovbrug, v\u00e6rksteder af forskellig art, og ellers vil arbejdet ofte best\u00e5 af at tage sig af f\u00e6ngselsomr\u00e5det, fx med gartnerarbejde eller reng\u00f8ring. Du f\u00e5r udbetalt en meget beskeden l\u00f8n, der starter p\u00e5 ca. 8-9 kr i timen, med mulighed for forskellige till\u00e6g. L\u00f8nnen er udover de kostpenge, du har krav p\u00e5, hvis du sidder i et f\u00e6ngsel, hvor I selv laver mad. Du har m\u00e5ske set, at du har &#8220;ret og pligt&#8221; til at arbejde. Det betyder i effekt, at hvis du n\u00e6gter at arbejde eller ikke er arbejdsom nok, ikendes du en b\u00f8de og skal evt. blive p\u00e5 din celle i arbejdstiden. I s\u00e5kaldt grove eller gentagne tilf\u00e6lde riskerer du strafcelle.<\/p>\n\n\n\n<p>Du kan ans\u00f8ge om at f\u00e5 lov til at passe et arbejde uden for f\u00e6ngslet. Du skal v\u00e6re opm\u00e6rksom p\u00e5, at hvis du har en almindelig arbejdsindt\u00e6gt, vil du kunne p\u00e5l\u00e6gges at betale for kost og logi til f\u00e6ngselsmyndighederne.<\/p>\n\n\n\n<p>\u200b<\/p>\n\n\n\n<h4 class=\"wp-block-heading\">Uddannelse<\/h4>\n\n\n\n<p>Et alternativ til at arbejde er uddannelse. Langt de fleste \u00e5bne f\u00e6ngsler har kun uddannelsesmuligheder p\u00e5 folkeskole- og 10. klassesniveau. Nogle steder er det muligt at tage et grundforl\u00f8b som fx t\u00f8mrer eller maler. Hvis man vil mere end det, s\u00e5 kan der v\u00e6re mulighed for at f\u00e5 udgang til at f\u00f8lge et uddannelsesforl\u00f8b uden for f\u00e6ngslet. Alternativt kan man s\u00f8ge om at f\u00f8lge fjernundervisning.<\/p>\n\n\n\n<p>Selv om du ingen interesse har i uddannelse, kan det stadig v\u00e6re en god id\u00e9. Hvis du f\u00e5r tilladelse til at g\u00e5 i skole uden for f\u00e6ngslet, giver det mulighed for at forlade f\u00e6ngslet alle undervisningsdage. Da fjernundervisning kr\u00e6ver adgang til en computer og internetadgang, kan det ogs\u00e5 \u00e5bne op for det. For at f\u00f8lge undervisning uden for f\u00e6ngslet kr\u00e6ver det, at du lever op til kravene for frigang. Derfor kan det v\u00e6re en id\u00e9 at s\u00f8ge om adgang til fjernundervisning indtil da.<\/p>\n\n\n\n<p>\u200b<\/p>\n\n\n\n<h4 class=\"wp-block-heading\">Frigang<\/h4>\n\n\n\n<p>Frigang indeb\u00e6rer, at besk\u00e6ftigelse under afsoningen foreg\u00e5r ved undervisning eller arbejde uden for f\u00e6ngslet. Fritiden skal tilbringes i f\u00e6ngslet.<\/p>\n\n\n\n<p>\u200b<\/p>\n\n\n\n<p>F\u00e6ngslet tillader som udgangspunkt ikke frigang:<\/p>\n\n\n\n<ul>\n<li>hvis straffen er mindre end fem m\u00e5neder.<\/li>\n\n\n\n<li>hvis frigang skal p\u00e5begyndes, f\u00f8r 1\/3 af straffen er afsonet.<\/li>\n\n\n\n<li>hvis frigang til undervisning skal have mere end et \u00e5rs varighed.<\/li>\n\n\n\n<li>hvis frigang til arbejde skal have mere end seks m\u00e5neders varighed.<\/li>\n\n\n\n<li>hvis der s\u00f8ges frigang til egen virksomhed.<\/li>\n<\/ul>\n\n\n\n<p>\u200b<\/p>\n\n\n\n<h4 class=\"wp-block-heading\">Husleje<\/h4>\n\n\n\n<p>Du kan s\u00f8ge om \u00f8konomisk hj\u00e6lp til at beholde din bolig under afsoningen fra din hjemkommune, hvis du ikke selv har mulighed for at betale din del af huslejen. Du vil som udgangspunkt kunne f\u00e5 hj\u00e6lp, hvis du skal afsone i op til seks m\u00e5neder. N\u00e5r du skal afsone i mere end seks m\u00e5neder, kan kommunen bede dig om at fremleje eller opsige din lejlighed. I s\u00e5 fald kan du s\u00f8ge hj\u00e6lp til at f\u00e5 dit indbo opbevaret. K\u00f8benhavnere vil kunne s\u00f8ge hj\u00e6lp p\u00e5:&nbsp;<a href=\"http:\/\/www.kk.dk\/indhold\/hj%C3%A6lp-til-indsatte\" target=\"_blank\" rel=\"noreferrer noopener\">http:\/\/www.kk.dk\/indhold\/hj\u00e6lp-til-indsatte<\/a><\/p>\n\n\n\n<h4 class=\"wp-block-heading\"><br>Mad<\/h4>\n\n\n\n<p>Det er forskelligt fra f\u00e6ngsel til f\u00e6ngsel, om du selv kan lave mad p\u00e5 afdelingens k\u00f8kken, eller skal have det serveret af f\u00e6ngslet. De fleste f\u00e6ngsler er indrettet s\u00e5dan, at du f\u00e5r kostpenge og selv skal k\u00f8be og lave din mad. Der g\u00e6lder andre regler i arresthusene, K\u00f8benhavns F\u00e6ngsler og Jyderup Statsf\u00e6ngsel. Her er enten institutionsk\u00f8kkener, hvorfra du f\u00e5r din mad, eller dybfrossen mad, som er opvarmet i mikrob\u00f8lgeovn. Du har (i teorien) mulighed for at f\u00e5 en s\u00e6rlig kost, hvis der er helbredsm\u00e6ssige eller religi\u00f8se \u00e5rsager, eller hvis du er vegetar\/veganer. Hvis du selv skal lave mad, vil du for det meste have mulighed for at bestille madvarer gennem f\u00e6ngslets kiosk, og kan derfor ogs\u00e5 f\u00e5 specialvarer hjem.<br>&nbsp;<\/p>\n\n\n\n<h4 class=\"wp-block-heading\">Pr\u00f8vel\u00f8sladelse og pension<\/h4>\n\n\n\n<p>Pr\u00f8vel\u00f8sladelse er en betinget l\u00f8sladelse fra f\u00e6ngslet, f\u00f8r hele straffen er afsonet. Mens du er pr\u00f8vel\u00f8sladt, kan du stadig v\u00e6re under kontrol af Kriminalforsorgen.<\/p>\n\n\n\n<p>Hvis du skal pr\u00f8vel\u00f8slades, er der nogle krav, der skal opfyldes:<\/p>\n\n\n\n<ul>\n<li>Du skal godkende de vilk\u00e5r, som Kriminalforsorgen stiller, fx om at holde dig fri af stoffer eller m\u00f8de frem til samtaler og lignende (der er ikke altid vilk\u00e5r).<\/li>\n\n\n\n<li>Du skal have et sted at bo.<\/li>\n\n\n\n<li>Du skal have et arbejde, v\u00e6re i gang med en uddannelse eller have en anden m\u00e5de at klare dig p\u00e5 \u00f8konomisk.<\/li>\n<\/ul>\n\n\n\n<p>\u200b<\/p>\n\n\n\n<p>Pr\u00f8vetiden er som regel p\u00e5 to \u00e5r, og hvis du bliver d\u00f8mt for ny kriminalitet i den periode, vil du som udgangspunkt skulle afsone resten af straffen.<\/p>\n\n\n\n<p>\u200b<\/p>\n\n\n\n<p>Hen mod slutningen af din afsoning kan du f\u00e5 mulighed for at blive overf\u00f8rt til en pension, is\u00e6r hvis du er i gang med arbejde eller uddannelse uden for f\u00e6ngslet. P\u00e5 pensioner vil du, udover udgang til skole og arbejde, f\u00e5 mulighed for b\u00e5de at f\u00e5 bes\u00f8g og forlade pensionen de fleste dage. Det er t\u00e6nkt som udslusning til hverdagen uden for f\u00e6ngslet.<\/p>\n\n\n\n<h1 class=\"wp-block-heading\">\u200b<\/h1>\n\n\n\n<h4 class=\"wp-block-heading\">PS:<\/h4>\n\n\n\n<p>Hvis du oplever, at nogle af vores oplysninger er helt ved siden af eller dybt for\u00e6ldede, s\u00e5 m\u00e5 du meget gerne notere det ned og opdatere os, n\u00e5r du f\u00e5r muligheden, enten p\u00e5 vores email&nbsp;<a href=\"mailto:kontakt@abc-kbh.dk\">kontakt@abc-kbh.dk<\/a>&nbsp;eller p\u00e5 facebook.<\/p>\n\n\n\n<p>Du m\u00e5 ogs\u00e5 meget gerne kontakte os, n\u00e5r du f\u00e5r at vide, hvilket f\u00e6ngsel du skal afsone i. B\u00e5de s\u00e5 vi forh\u00e5bentlig kan give dig noget info om det specifikke f\u00e6ngsel, og s\u00e5 vi kan skrive breve til dig.<\/p>\n\n\n\n<div class=\"wp-block-buttons is-layout-flex wp-block-buttons-is-layout-flex\">\n<div class=\"wp-block-button\"><a class=\"wp-block-button__link wp-element-button\" href=\"javascript:history.back()\">Tilbage<\/a><\/div>\n<\/div>\n","protected":false},"excerpt":{"rendered":"<p>OBS: ABC K\u00f8benhavn lukkede i juni 2023. Materialerne er dog stadig frit tilg\u00e6ngelige, men kan dog v\u00e6re for\u00e6ldet. Domme under 5 \u00e5r afsones som udgangspunkt i et \u00e5bent f\u00e6ngsel. Forholdene i \u00e5bne f\u00e6ngsler er meget anderledes fra, hvad du har oplevet, hvis du har siddet varet\u00e6gtsf\u00e6ngslet. Som oftest vil den fysiske indesp\u00e6rring p\u00e5 omr\u00e5det v\u00e6re [&hellip;]<\/p>\n","protected":false},"author":1,"featured_media":0,"parent":0,"menu_order":0,"comment_status":"closed","ping_status":"closed","template":"","meta":{"footnotes":""},"_links":{"self":[{"href":"https:\/\/abc-kbh.dk\/index.php\/wp-json\/wp\/v2\/pages\/104"}],"collection":[{"href":"https:\/\/abc-kbh.dk\/index.php\/wp-json\/wp\/v2\/pages"}],"about":[{"href":"https:\/\/abc-kbh.dk\/index.php\/wp-json\/wp\/v2\/types\/page"}],"author":[{"embeddable":true,"href":"https:\/\/abc-kbh.dk\/index.php\/wp-json\/wp\/v2\/users\/1"}],"replies":[{"embeddable":true,"href":"https:\/\/abc-kbh.dk\/index.php\/wp-json\/wp\/v2\/comments?post=104"}],"version-history":[{"count":1,"href":"https:\/\/abc-kbh.dk\/index.php\/wp-json\/wp\/v2\/pages\/104\/revisions"}],"predecessor-version":[{"id":105,"href":"https:\/\/abc-kbh.dk\/index.php\/wp-json\/wp\/v2\/pages\/104\/revisions\/105"}],"wp:attachment":[{"href":"https:\/\/abc-kbh.dk\/index.php\/wp-json\/wp\/v2\/media?parent=104"}],"curies":[{"name":"wp","href":"https:\/\/api.w.org\/{rel}","templated":true}]}}